{"id":424,"date":"2020-06-09T13:47:10","date_gmt":"2020-06-09T11:47:10","guid":{"rendered":"https:\/\/www.denthouse.sk\/?page_id=424"},"modified":"2025-01-09T17:45:47","modified_gmt":"2025-01-09T16:45:47","slug":"main-slider","status":"publish","type":"page","link":"https:\/\/www.denthouse.sk\/","title":{"rendered":""},"content":{"rendered":"\t\t<div data-elementor-type=\"wp-page\" data-elementor-id=\"424\" class=\"elementor elementor-424\">\n\t\t\t\t\t\t<section class=\"elementor-section elementor-top-section elementor-element elementor-element-1a6f60d elementor-section-boxed elementor-section-height-default elementor-section-height-default\" data-id=\"1a6f60d\" data-element_type=\"section\" data-e-type=\"section\">\n\t\t\t\t\t\t<div class=\"elementor-container elementor-column-gap-default\">\n\t\t\t\t\t<div class=\"elementor-column elementor-col-100 elementor-top-column elementor-element elementor-element-216cca2\" data-id=\"216cca2\" data-element_type=\"column\" data-e-type=\"column\">\n\t\t\t<div class=\"elementor-widget-wrap elementor-element-populated\">\n\t\t\t\t\t\t\t<\/div>\n\t\t<\/div>\n\t\t\t\t\t<\/div>\n\t\t<\/section>\n\t\t\t\t<section class=\"elementor-section elementor-top-section elementor-element elementor-element-5e1d60d elementor-section-boxed elementor-section-height-default elementor-section-height-default\" data-id=\"5e1d60d\" data-element_type=\"section\" data-e-type=\"section\">\n\t\t\t\t\t\t<div class=\"elementor-container elementor-column-gap-default\">\n\t\t\t\t\t<div class=\"elementor-column elementor-col-100 elementor-top-column elementor-element elementor-element-5f0391b\" data-id=\"5f0391b\" data-element_type=\"column\" data-e-type=\"column\">\n\t\t\t<div class=\"elementor-widget-wrap elementor-element-populated\">\n\t\t\t\t\t\t<div class=\"elementor-element elementor-element-1e3252e animated-slow elementor-invisible elementor-widget elementor-widget-text-editor\" data-id=\"1e3252e\" data-element_type=\"widget\" data-e-type=\"widget\" data-settings=\"{&quot;_animation&quot;:&quot;fadeInUp&quot;}\" data-widget_type=\"text-editor.default\">\n\t\t\t\t<div class=\"elementor-widget-container\">\n\t\t\t\t\t\t\t\t\t<h2 style=\"text-align: center;\"><span style=\"text-decoration: underline; color: #808080;\"><strong>Pre\u010do pr\u00e1ve my ?<\/strong><\/span><\/h2><p>\u00a0<\/p><p><img fetchpriority=\"high\" decoding=\"async\" src=\"https:\/\/www.denthouse.sk\/wp-content\/uploads\/2020\/11\/nove1.jpg\" sizes=\"(max-width: 1019px) 100vw, 1019px\" srcset=\"https:\/\/www.denthouse.sk\/wp-content\/uploads\/2020\/11\/nove1.jpg 1019w, https:\/\/www.denthouse.sk\/wp-content\/uploads\/2020\/11\/nove1-300x258.jpg 300w, https:\/\/www.denthouse.sk\/wp-content\/uploads\/2020\/11\/nove1-768x662.jpg 768w, https:\/\/www.denthouse.sk\/wp-content\/uploads\/2020\/11\/nove1-600x517.jpg 600w\" alt=\"\" width=\"1019\" height=\"878\" \/><br \/><img decoding=\"async\" src=\"https:\/\/www.denthouse.sk\/wp-content\/uploads\/2020\/11\/nove2.jpg\" sizes=\"(max-width: 1017px) 100vw, 1017px\" srcset=\"https:\/\/www.denthouse.sk\/wp-content\/uploads\/2020\/11\/nove2.jpg 1017w, https:\/\/www.denthouse.sk\/wp-content\/uploads\/2020\/11\/nove2-300x266.jpg 300w, https:\/\/www.denthouse.sk\/wp-content\/uploads\/2020\/11\/nove2-768x681.jpg 768w, https:\/\/www.denthouse.sk\/wp-content\/uploads\/2020\/11\/nove2-600x532.jpg 600w\" alt=\"\" width=\"1017\" height=\"902\" \/><\/p><h5 style=\"text-align: left; padding-left: 40px;\"><span style=\"color: #333333;\">\u2713 individu\u00e1lny \u013eudsk\u00fd pr\u00edstup<\/span><br \/><span style=\"color: #333333;\">\u2713 prec\u00edznos\u0165 a zmysel pre detail a estetick\u00e9 rie\u0161enia<\/span><br \/><span style=\"color: #333333;\">\u2713 modern\u00e9 vybavenie a postupy<\/span><br \/><span style=\"color: #333333;\">\u2713 pr\u00edjemn\u00e1 atmosf\u00e9ra<\/span><br \/><span style=\"color: #333333;\">\u2713 mlad\u00fd kolekt\u00edv<\/span><\/h5><h5 style=\"padding-left: 40px;\"><span style=\"text-decoration: underline; color: #999999;\"><strong>V r\u00e1mci vstupn\u00e9ho vy\u0161etrenia V\u00e1m vy\u0161etr\u00edme :<\/strong><\/span><\/h5><h5 style=\"padding-left: 40px;\"><span style=\"color: #333333;\"><img decoding=\"async\" src=\"https:\/\/www.denthouse.sk\/wp-content\/uploads\/2020\/05\/favicon1.ico\" alt=\"\" width=\"16\" height=\"16\" \/>\u00a0 zuby<\/span><br \/><span style=\"color: #333333;\"><img decoding=\"async\" src=\"https:\/\/www.denthouse.sk\/wp-content\/uploads\/2020\/05\/favicon1.ico\" alt=\"\" width=\"16\" height=\"16\" \/> \u010fasn\u00e1<\/span><br \/><span style=\"color: #333333;\"><img decoding=\"async\" src=\"https:\/\/www.denthouse.sk\/wp-content\/uploads\/2020\/05\/favicon1.ico\" alt=\"\" width=\"16\" height=\"16\" \/> sliznice<\/span><br \/><span style=\"color: #333333;\"><img decoding=\"async\" src=\"https:\/\/www.denthouse.sk\/wp-content\/uploads\/2020\/05\/favicon1.ico\" alt=\"\" width=\"16\" height=\"16\" \/> \u010de\u013eustn\u00fd k\u013ab<\/span><\/h5><h5 style=\"text-align: center;\"><span style=\"color: #333333;\">Navy\u0161e pre V\u00e1s navrhneme vhodn\u00fd lie\u010debn\u00fd pl\u00e1n.\u00a0<\/span><\/h5><p>\u00a0<\/p><h2 style=\"text-align: center;\"><span style=\"text-decoration: underline; color: #999999;\">N\u00e1\u0161 pr\u00edstup<\/span><\/h2><h5 style=\"text-align: center;\"><span style=\"color: #333333;\">V\u00e1\u017eime si V\u00e1\u0161 \u010das, a preto sa m\u00f4\u017eete objedna\u0165 na konkr\u00e9tny de\u0148 a hodinu. <\/span><br \/><span style=\"color: #333333;\">U\u017e \u017eiadne zbyto\u010dn\u00e9 \u010dakanie.<\/span><\/h5><h5 style=\"text-align: center;\"><span style=\"color: #333333;\">Mysl\u00edme na V\u00e1s aj za V\u00e1s. Vieme, \u017ee toho m\u00e1te ve\u013ea, a preto V\u00e1m pripom\u00edname Va\u0161e term\u00edny.<\/span><\/h5><h5 style=\"text-align: center;\"><span style=\"color: #333333;\">Dostupnos\u0165 \u2013 s\u00eddlime v centre mesta s dostupn\u00fdm parkovan\u00edm.<\/span><\/h5><p>\u00a0<\/p><h4 style=\"text-align: center;\"><span style=\"text-decoration: underline; color: #999999;\"><strong>M\u00e1me zmluvy so v\u0161etk\u00fdmi zdravotn\u00fdmi pois\u0165ov\u0148ami<\/strong><\/span><\/h4><h5><img decoding=\"async\" class=\"aligncenter\" title=\"600\u00d7244 pois\u0165ovne\" src=\"https:\/\/www.denthouse.sk\/wp-content\/uploads\/2021\/11\/600x244-poistovne.png\" alt=\"600x244 pois\u0165ovne\" \/><\/h5><h2>\u00a0<\/h2><h2 style=\"text-align: center;\"><span style=\"text-decoration: underline; color: #999999;\">Povedali o n\u00e1s<\/span><\/h2><p><em><strong><img loading=\"lazy\" decoding=\"async\" src=\"https:\/\/www.denthouse.sk\/wp-content\/uploads\/2020\/09\/6ip6dAbiE-300x70.png\" alt=\"\" width=\"150\" height=\"35\" \/><\/strong><\/em><\/p><p><em><strong>Paradny doktor, paradna sestra,robota jeden kvet.Skvely pristup, \u00farove\u0148. Vdaka.<\/strong><\/em><\/p><p><em>Monika H.<\/em><\/p><p><em><strong><img loading=\"lazy\" decoding=\"async\" src=\"https:\/\/www.denthouse.sk\/wp-content\/uploads\/2020\/09\/6ip6dAbiE-300x70.png\" alt=\"\" width=\"150\" height=\"35\" \/><\/strong><\/em><\/p><p><em><strong>Profesion\u00e1lny pr\u00edstup, mil\u00fd personal, pekn\u00e1, modern\u00e1 ambulancia. Maximalna spokojnos\u0165. Ur\u010dite odpor\u00fa\u010dam.<\/strong><\/em><\/p><p><em>Kamila S.<\/em><\/p><p><em><strong><img loading=\"lazy\" decoding=\"async\" src=\"https:\/\/www.denthouse.sk\/wp-content\/uploads\/2020\/09\/6ip6dAbiE-300x70.png\" alt=\"\" width=\"150\" height=\"35\" \/><\/strong><\/em><\/p><p><em><strong>Skvel\u00e1 moderne zariaden\u00e1 zubn\u00e1 ambulancia s profesion\u00e1lnym a \u013eudsk\u00fdm pr\u00edstupom ako plus uvediem \u017ee po\u010das procesu som nepozeral znudene do stropu ako to pozn\u00e1me u be\u017en\u00fdch lek\u00e1rov ale naopak mi bolo umo\u017enen\u00e9 sledova\u0165 telev\u00edzor.<br \/>C\u00edtil som sa komfortne po\u010das procesu. Ka\u017ed\u00fd jeden \u00fakon ktor\u00fd bol vykon\u00e1van\u00fd bol vysvetlen\u00fd a taktie\u017e mi bola vysvetlen\u00e1 prevencia ako sa m\u00e1 \u010dlovek vyvarova\u0165 pr\u00edpadn\u00fdm vznikom zubn\u00fdch kazov a pod.<br \/>Po zl\u00fdch sk\u00fasenostiach som kone\u010dne natrafil na skvel\u00e9ho zub\u00e1ra.<br \/>Ur\u010dite odpor\u00fa\u010dam.<\/strong><\/em><\/p><p><em>Tomas M.<\/em><\/p><p><em><strong><img loading=\"lazy\" decoding=\"async\" src=\"https:\/\/www.denthouse.sk\/wp-content\/uploads\/2020\/09\/6ip6dAbiE-300x70.png\" alt=\"\" width=\"150\" height=\"35\" \/><\/strong><\/em><\/p><p><em><strong>Super pristup. Moderne metody orientovane na pacientove pohodlie (netflix som pri oprave zlomeneho zuba este nepozeral <img loading=\"lazy\" decoding=\"async\" src=\"https:\/\/static.xx.fbcdn.net\/images\/emoji.php\/v9\/t4c\/1\/16\/1f642.png\" alt=\"\ud83d\ude42\" width=\"16\" height=\"16\" \/> takze to aj zbehlo )<\/strong><\/em><em><strong>Sikovny zubar ktory vysvetli a opodstatni kazdy svoj krok.<\/strong><\/em><\/p><p><em><strong>Odporucam!<\/strong><\/em><\/p><p><em>Jakub P.<\/em><\/p><p><em><strong><img loading=\"lazy\" decoding=\"async\" src=\"https:\/\/www.denthouse.sk\/wp-content\/uploads\/2020\/09\/6ip6dAbiE-300x70.png\" alt=\"\" width=\"150\" height=\"35\" \/><\/strong><\/em><\/p><p><em><strong>Dnes prva navsteva u p. doktora Bavlsika kvoli dentalnej hygiene- mozem len odporucit. Nove priestory, spickove zariadenie, perfektny pristup, vsetko vysvetli,ukaze, neponahla sa.. Budem urcite navstevovat pravidelne <img loading=\"lazy\" decoding=\"async\" src=\"https:\/\/static.xx.fbcdn.net\/images\/emoji.php\/v9\/t4c\/1\/16\/1f642.png\" alt=\"\ud83d\ude42\" width=\"16\" height=\"16\" \/><\/strong><\/em><\/p><p><em>Lenka G.<\/em><\/p><h3 style=\"text-align: center;\">\u00a0<\/h3><h4 style=\"text-align: left;\">\u00a0 \u00a0 \u00a0 \u00a0 \u00a0 \u00a0 \u00a0 \u00a0 \u00a0 \u00a0 \u00a0 \u00a0 \u00a0 \u00a0 \u00a0 \u00a0 \u00a0 \u00a0 \u00a0 \u00a0 \u00a0 \u00a0 \u00a0 \u00a0 \u00a0 \u00a0 \u00a0 \u00a0 \u00a0 \u00a0 \u00a0 \u00a0 \u00a0 \u00a0 \u00a0 \u00a0 \u00a0 \u00a0 \u00a0 \u00a0 \u00a0 \u00a0 \u00a0 \u00a0 \u00a0 \u00a0 \u00a0 \u00a0 \u00a0 \u00a0 \u00a0 \u00a0 \u00a0 \u00a0<span style=\"color: #333333;\"> \u00a0<span style=\"color: #808080;\"> Copyright \u00a9 2022 Denthouse<\/span><\/span><\/h4>\t\t\t\t\t\t\t\t<\/div>\n\t\t\t\t<\/div>\n\t\t\t\t\t<\/div>\n\t\t<\/div>\n\t\t\t\t\t<\/div>\n\t\t<\/section>\n\t\t\t\t<\/div>\n\t\t","protected":false},"excerpt":{"rendered":"<p>Pre\u010do pr\u00e1ve my ? \u00a0 \u2713 individu\u00e1lny \u013eudsk\u00fd pr\u00edstup\u2713 prec\u00edznos\u0165 a zmysel pre detail a estetick\u00e9 rie\u0161enia\u2713 modern\u00e9 vybavenie a postupy\u2713 pr\u00edjemn\u00e1 atmosf\u00e9ra\u2713 mlad\u00fd kolekt\u00edv V r\u00e1mci vstupn\u00e9ho vy\u0161etrenia V\u00e1m vy\u0161etr\u00edme : \u00a0 zuby \u010fasn\u00e1 sliznice \u010de\u013eustn\u00fd k\u013ab Navy\u0161e pre V\u00e1s navrhneme vhodn\u00fd lie\u010debn\u00fd pl\u00e1n.\u00a0 \u00a0 N\u00e1\u0161 pr\u00edstup V\u00e1\u017eime si V\u00e1\u0161 \u010das, a preto sa [&hellip;]<\/p>\n","protected":false},"author":1,"featured_media":0,"parent":0,"menu_order":1,"comment_status":"closed","ping_status":"closed","template":"","meta":{"_monsterinsights_skip_tracking":false,"_monsterinsights_sitenote_active":false,"_monsterinsights_sitenote_note":"","_monsterinsights_sitenote_category":0,"footnotes":""},"class_list":["post-424","page","type-page","status-publish","hentry"],"_links":{"self":[{"href":"https:\/\/www.denthouse.sk\/index.php?rest_route=\/wp\/v2\/pages\/424","targetHints":{"allow":["GET"]}}],"collection":[{"href":"https:\/\/www.denthouse.sk\/index.php?rest_route=\/wp\/v2\/pages"}],"about":[{"href":"https:\/\/www.denthouse.sk\/index.php?rest_route=\/wp\/v2\/types\/page"}],"author":[{"embeddable":true,"href":"https:\/\/www.denthouse.sk\/index.php?rest_route=\/wp\/v2\/users\/1"}],"replies":[{"embeddable":true,"href":"https:\/\/www.denthouse.sk\/index.php?rest_route=%2Fwp%2Fv2%2Fcomments&post=424"}],"version-history":[{"count":6,"href":"https:\/\/www.denthouse.sk\/index.php?rest_route=\/wp\/v2\/pages\/424\/revisions"}],"predecessor-version":[{"id":1237,"href":"https:\/\/www.denthouse.sk\/index.php?rest_route=\/wp\/v2\/pages\/424\/revisions\/1237"}],"wp:attachment":[{"href":"https:\/\/www.denthouse.sk\/index.php?rest_route=%2Fwp%2Fv2%2Fmedia&parent=424"}],"curies":[{"name":"wp","href":"https:\/\/api.w.org\/{rel}","templated":true}]}}