{"id":302,"date":"2020-05-31T16:14:20","date_gmt":"2020-05-31T14:14:20","guid":{"rendered":"https:\/\/www.denthouse.sk\/?page_id=302"},"modified":"2020-11-03T12:43:00","modified_gmt":"2020-11-03T11:43:00","slug":"koferdam","status":"publish","type":"page","link":"https:\/\/www.denthouse.sk\/?page_id=302","title":{"rendered":"Koferdam"},"content":{"rendered":"\t\t<div data-elementor-type=\"wp-page\" data-elementor-id=\"302\" class=\"elementor elementor-302\">\n\t\t\t\t\t\t<section class=\"elementor-section elementor-top-section elementor-element elementor-element-eef9f7a elementor-section-boxed elementor-section-height-default elementor-section-height-default\" data-id=\"eef9f7a\" data-element_type=\"section\" data-e-type=\"section\">\n\t\t\t\t\t\t<div class=\"elementor-container elementor-column-gap-default\">\n\t\t\t\t\t<div class=\"elementor-column elementor-col-100 elementor-top-column elementor-element elementor-element-c8a1ca4\" data-id=\"c8a1ca4\" data-element_type=\"column\" data-e-type=\"column\">\n\t\t\t<div class=\"elementor-widget-wrap elementor-element-populated\">\n\t\t\t\t\t\t<div class=\"elementor-element elementor-element-7ab3d2b animated-slow elementor-invisible elementor-widget elementor-widget-text-editor\" data-id=\"7ab3d2b\" data-element_type=\"widget\" data-e-type=\"widget\" data-settings=\"{&quot;_animation&quot;:&quot;fadeInUp&quot;}\" data-widget_type=\"text-editor.default\">\n\t\t\t\t<div class=\"elementor-widget-container\">\n\t\t\t\t\t\t\t\t\t<h5 style=\"text-align: left;\"><span style=\"color: #333333;\"><img fetchpriority=\"high\" decoding=\"async\" class=\"size-medium wp-image-791 alignleft\" style=\"font-size: 16px;\" src=\"https:\/\/www.denthouse.sk\/wp-content\/uploads\/2020\/11\/109038360_138970321175324_14831977714963797_n-300x300.jpg\" alt=\"\" width=\"300\" height=\"300\" srcset=\"https:\/\/www.denthouse.sk\/wp-content\/uploads\/2020\/11\/109038360_138970321175324_14831977714963797_n-300x300.jpg 300w, https:\/\/www.denthouse.sk\/wp-content\/uploads\/2020\/11\/109038360_138970321175324_14831977714963797_n-150x150.jpg 150w, https:\/\/www.denthouse.sk\/wp-content\/uploads\/2020\/11\/109038360_138970321175324_14831977714963797_n-768x768.jpg 768w, https:\/\/www.denthouse.sk\/wp-content\/uploads\/2020\/11\/109038360_138970321175324_14831977714963797_n-560x560.jpg 560w, https:\/\/www.denthouse.sk\/wp-content\/uploads\/2020\/11\/109038360_138970321175324_14831977714963797_n-900x900.jpg 900w, https:\/\/www.denthouse.sk\/wp-content\/uploads\/2020\/11\/109038360_138970321175324_14831977714963797_n-600x600.jpg 600w, https:\/\/www.denthouse.sk\/wp-content\/uploads\/2020\/11\/109038360_138970321175324_14831977714963797_n-100x100.jpg 100w, https:\/\/www.denthouse.sk\/wp-content\/uploads\/2020\/11\/109038360_138970321175324_14831977714963797_n.jpg 932w\" sizes=\"(max-width: 300px) 100vw, 300px\" \/><img decoding=\"async\" class=\"size-medium wp-image-790 alignleft\" src=\"https:\/\/www.denthouse.sk\/wp-content\/uploads\/2020\/11\/108244681_138970351175321_4753413578142607943_n-300x300.jpg\" alt=\"\" width=\"300\" height=\"300\" srcset=\"https:\/\/www.denthouse.sk\/wp-content\/uploads\/2020\/11\/108244681_138970351175321_4753413578142607943_n-300x300.jpg 300w, https:\/\/www.denthouse.sk\/wp-content\/uploads\/2020\/11\/108244681_138970351175321_4753413578142607943_n-150x150.jpg 150w, https:\/\/www.denthouse.sk\/wp-content\/uploads\/2020\/11\/108244681_138970351175321_4753413578142607943_n-768x768.jpg 768w, https:\/\/www.denthouse.sk\/wp-content\/uploads\/2020\/11\/108244681_138970351175321_4753413578142607943_n-560x560.jpg 560w, https:\/\/www.denthouse.sk\/wp-content\/uploads\/2020\/11\/108244681_138970351175321_4753413578142607943_n-900x900.jpg 900w, https:\/\/www.denthouse.sk\/wp-content\/uploads\/2020\/11\/108244681_138970351175321_4753413578142607943_n-600x600.jpg 600w, https:\/\/www.denthouse.sk\/wp-content\/uploads\/2020\/11\/108244681_138970351175321_4753413578142607943_n-100x100.jpg 100w, https:\/\/www.denthouse.sk\/wp-content\/uploads\/2020\/11\/108244681_138970351175321_4753413578142607943_n.jpg 952w\" sizes=\"(max-width: 300px) 100vw, 300px\" \/> <img decoding=\"async\" class=\"size-full wp-image-287 alignleft\" src=\"https:\/\/www.denthouse.sk\/wp-content\/uploads\/2020\/05\/favicon1.ico\" alt=\"\" width=\"16\" height=\"16\" \/>V\u00a0na\u0161ej ambulancii je \u0161tandardom <strong>pou\u017eitie izola\u010dnej blany \u2013 koferdamu<\/strong>, s\u00a0ktorou sa mnoho \u013eud\u00ed \u010dasto doposia\u013e nestretlo. Zhotovenie bielej fotokompozitnej v\u00fdplne si toti\u017e vy\u017eaduje <strong>absol\u00fatne such\u00e9 pracovn\u00e9 pole<\/strong>, \u010do vieme najlep\u0161ie zabezpe\u010di\u0165 pr\u00e1ve pomocou koferdamu. Pri o\u0161etren\u00ed sa aplikuje na jeden alebo viac susediacich zubov, pri\u010dom pacient pod n\u00edm preh\u013ata sliny, a\u00a0teda nehroz\u00ed kontamin\u00e1cia pracovn\u00e9ho po\u013ea slinami alebo krvou. Navy\u0161e je pre pacientov o\u0161etrenie menej stresuj\u00face, nedoch\u00e1dza ku kontaktu vody alebo roztokov s\u00a0\u00fastnou dutinou a\u00a0koferdam tie\u017e zni\u017euje pr\u00edpadn\u00e9 riziko prenosu infekcie. Ve\u013ek\u00fd v\u00fdznam m\u00e1 aj pri o\u0161etren\u00ed kore\u0148ov\u00fdch kan\u00e1likov \u2013 <strong>endodoncii, <\/strong>kedy je d\u00f4le\u017eit\u00e9 zabr\u00e1ni\u0165 kontamin\u00e1cii kan\u00e1likov zuba bakt\u00e9riami z\u00a0\u00fastnej dutiny.<\/span><\/h5>\t\t\t\t\t\t\t\t<\/div>\n\t\t\t\t<\/div>\n\t\t\t\t\t<\/div>\n\t\t<\/div>\n\t\t\t\t\t<\/div>\n\t\t<\/section>\n\t\t\t\t<\/div>\n\t\t","protected":false},"excerpt":{"rendered":"<p>V\u00a0na\u0161ej ambulancii je \u0161tandardom pou\u017eitie izola\u010dnej blany \u2013 koferdamu, s\u00a0ktorou sa mnoho \u013eud\u00ed \u010dasto doposia\u013e nestretlo. Zhotovenie bielej fotokompozitnej v\u00fdplne si toti\u017e vy\u017eaduje absol\u00fatne such\u00e9 pracovn\u00e9 pole, \u010do vieme najlep\u0161ie zabezpe\u010di\u0165 pr\u00e1ve pomocou koferdamu. Pri o\u0161etren\u00ed sa aplikuje na jeden alebo viac susediacich zubov, pri\u010dom pacient pod n\u00edm preh\u013ata sliny, a\u00a0teda nehroz\u00ed kontamin\u00e1cia pracovn\u00e9ho po\u013ea [&hellip;]<\/p>\n","protected":false},"author":1,"featured_media":0,"parent":0,"menu_order":0,"comment_status":"closed","ping_status":"closed","template":"","meta":{"_monsterinsights_skip_tracking":false,"_monsterinsights_sitenote_active":false,"_monsterinsights_sitenote_note":"","_monsterinsights_sitenote_category":0,"footnotes":""},"class_list":["post-302","page","type-page","status-publish","hentry"],"_links":{"self":[{"href":"https:\/\/www.denthouse.sk\/index.php?rest_route=\/wp\/v2\/pages\/302","targetHints":{"allow":["GET"]}}],"collection":[{"href":"https:\/\/www.denthouse.sk\/index.php?rest_route=\/wp\/v2\/pages"}],"about":[{"href":"https:\/\/www.denthouse.sk\/index.php?rest_route=\/wp\/v2\/types\/page"}],"author":[{"embeddable":true,"href":"https:\/\/www.denthouse.sk\/index.php?rest_route=\/wp\/v2\/users\/1"}],"replies":[{"embeddable":true,"href":"https:\/\/www.denthouse.sk\/index.php?rest_route=%2Fwp%2Fv2%2Fcomments&post=302"}],"version-history":[{"count":6,"href":"https:\/\/www.denthouse.sk\/index.php?rest_route=\/wp\/v2\/pages\/302\/revisions"}],"predecessor-version":[{"id":793,"href":"https:\/\/www.denthouse.sk\/index.php?rest_route=\/wp\/v2\/pages\/302\/revisions\/793"}],"wp:attachment":[{"href":"https:\/\/www.denthouse.sk\/index.php?rest_route=%2Fwp%2Fv2%2Fmedia&parent=302"}],"curies":[{"name":"wp","href":"https:\/\/api.w.org\/{rel}","templated":true}]}}